{"id":1548,"date":"2025-08-01T20:00:46","date_gmt":"2025-08-01T20:00:46","guid":{"rendered":"https:\/\/www.billnewell.com\/?page_id=1548"},"modified":"2025-08-01T20:00:46","modified_gmt":"2025-08-01T20:00:46","slug":"bill-newell","status":"publish","type":"page","link":"https:\/\/devdomewp.justdomeit.com\/index.php\/bill-newell\/","title":{"rendered":"Bill Newell"},"content":{"rendered":"\n<div class=\"wp-block-columns spx-display is-layout-flex wp-container-core-columns-is-layout-9d6595d7 wp-block-columns-is-layout-flex\">\n<div class=\"wp-block-column spx-col-left is-layout-flow wp-block-column-is-layout-flow\">\n<figure class=\"wp-block-image size-full\"><img loading=\"lazy\" decoding=\"async\" width=\"297\" height=\"120\" src=\"https:\/\/devdomewp.justdomeit.com\/wp-content\/uploads\/2025\/08\/Dome_Logotype-2-1.png\" alt=\"\" class=\"wp-image-1640\"\/><\/figure>\n\n\n\n<p class=\"spx-display-text\"><strong>DOME is the future of digital interaction<\/strong>, an AI-powered engine that turns your curiosity into instant, dynamic answers. Forget endless clicks, menus, and dead-end searches. From retail to wellness, education to hospitality, DOME empowers every industry to serve the right content, at the right moment, across any device, making user frustration a thing of the past.<\/p>\n\n\n\n<div class=\"wp-block-buttons spx-btn-aside is-layout-flex wp-block-buttons-is-layout-flex\">\n<div class=\"wp-block-button spx-btn-post\"><a class=\"wp-block-button__link wp-element-button\" href=\"https:\/\/sparxworks.com\/\" target=\"_blank\" rel=\"noreferrer noopener\">LEARN MORE<\/a><\/div>\n<\/div>\n<\/div>\n\n\n\n<div class=\"wp-block-column spx-col-right is-layout-flow wp-block-column-is-layout-flow\">\n<figure class=\"wp-block-image size-full\"><img loading=\"lazy\" decoding=\"async\" width=\"524\" height=\"360\" src=\"https:\/\/devdomewp.justdomeit.com\/wp-content\/uploads\/2025\/08\/Dome_Mockup-1.png\" alt=\"\" class=\"wp-image-1645\"\/><\/figure>\n<\/div>\n<\/div>\n\n\n\n<div class=\"wp-block-query is-layout-flow wp-block-query-is-layout-flow\"><ul class=\"spx-post-template wp-block-post-template is-layout-flow wp-block-post-template-is-layout-flow\"><li class=\"wp-block-post post-2071 post type-post status-publish format-standard hentry category-uncategorized\">\n\n<div class=\"wp-block-columns alignwide spx-post-single is-layout-flex wp-container-core-columns-is-layout-9d6595d7 wp-block-columns-is-layout-flex\">\n<div class=\"wp-block-column is-layout-flow wp-block-column-is-layout-flow\" style=\"flex-basis:60%\"><\/div>\n\n\n\n<div class=\"wp-block-column spx-post-right is-layout-flow wp-block-column-is-layout-flow\" style=\"flex-basis:40%\"><h2 class=\"wp-block-post-title\">Las 25 mejores pel\u00edculas de 2025, seg\u00fan los cr\u00edticos de la BBC<\/h2>\n\n\n<div class=\"wp-block-group spx-post-meta is-layout-constrained wp-block-group-is-layout-constrained\"><div class=\"wp-block-post-date\"><time datetime=\"2026-02-05T21:17:51+00:00\">February 5, 2026<\/time><\/div>\n\n\n<p class=\"spx-meta-word\">, Posted by<\/p>\n\n\n<div class=\"wp-block-post-author-name\">ccustodio<\/div><\/div>\n\n\n<div class=\"wp-block-post-excerpt\"><p class=\"wp-block-post-excerpt__excerpt\">Los cr\u00edticos de cine de la BBC Caryn James (CJ) y Nicholas Barber (NB) eligen sus&hellip;<\/p><p class=\"wp-block-post-excerpt__more-text\"><a class=\"wp-block-post-excerpt__more-link\" href=\"https:\/\/devdomewp.justdomeit.com\/index.php\/2026\/02\/05\/las-25-mejores-peliculas-de-2025-segun-los-criticos-de-la-bbc\/\">READ MORE<\/a><\/p><\/div><\/div>\n<\/div>\n\n<\/li><li class=\"wp-block-post post-2068 post type-post status-publish format-standard hentry category-uncategorized\">\n\n<div class=\"wp-block-columns alignwide spx-post-single is-layout-flex wp-container-core-columns-is-layout-9d6595d7 wp-block-columns-is-layout-flex\">\n<div class=\"wp-block-column is-layout-flow wp-block-column-is-layout-flow\" style=\"flex-basis:60%\"><\/div>\n\n\n\n<div class=\"wp-block-column spx-post-right is-layout-flow wp-block-column-is-layout-flow\" style=\"flex-basis:40%\"><h2 class=\"wp-block-post-title\">Carlos Test 20260204 Artemis II<\/h2>\n\n\n<div class=\"wp-block-group spx-post-meta is-layout-constrained wp-block-group-is-layout-constrained\"><div class=\"wp-block-post-date\"><time datetime=\"2026-02-04T18:34:10+00:00\">February 4, 2026<\/time><\/div>\n\n\n<p class=\"spx-meta-word\">, Posted by<\/p>\n\n\n<div class=\"wp-block-post-author-name\">ccustodio<\/div><\/div>\n\n\n<div class=\"wp-block-post-excerpt\"><p class=\"wp-block-post-excerpt__excerpt\">El lanzamiento de la misi\u00f3n Artemis II, con cuatro astronautas a bordo, previsto para el domingo&hellip;<\/p><p class=\"wp-block-post-excerpt__more-text\"><a class=\"wp-block-post-excerpt__more-link\" href=\"https:\/\/devdomewp.justdomeit.com\/index.php\/2026\/02\/04\/carlos-test-20260204-artemis-ii\/\">READ MORE<\/a><\/p><\/div><\/div>\n<\/div>\n\n<\/li><li class=\"wp-block-post post-2030 post type-post status-publish format-standard has-post-thumbnail hentry category-ai category-dome category-technologies tag-aiux tag-conversationalui tag-digitalexperience tag-dome tag-innovation tag-latamtech tag-multilingualai tag-nesupport tag-personalization tag-peru tag-smartweb tag-sparxworks tag-techpartnership\">\n\n<div class=\"wp-block-columns alignwide spx-post-single is-layout-flex wp-container-core-columns-is-layout-9d6595d7 wp-block-columns-is-layout-flex\">\n<div class=\"wp-block-column is-layout-flow wp-block-column-is-layout-flow\" style=\"flex-basis:60%\"><figure class=\"spx-anim wp-block-post-featured-image\"><a href=\"https:\/\/devdomewp.justdomeit.com\/index.php\/2025\/12\/19\/dome-launches-in-south-america-with-ne-support\/\" target=\"_self\"  ><img loading=\"lazy\" decoding=\"async\" width=\"1280\" height=\"720\" src=\"https:\/\/devdomewp.justdomeit.com\/wp-content\/uploads\/2025\/12\/DOME-Launches-in-South-America-with-NE-Support.webp\" class=\"attachment-full size-full wp-post-image\" alt=\"DOME Launches in South America with N&#038;E Support\" style=\"object-fit:cover;\" \/><\/a><\/figure><\/div>\n\n\n\n<div class=\"wp-block-column spx-post-right is-layout-flow wp-block-column-is-layout-flow\" style=\"flex-basis:40%\"><h2 class=\"wp-block-post-title\">DOME Launches in South America with N&#038;E Support<\/h2>\n\n\n<div class=\"wp-block-group spx-post-meta is-layout-constrained wp-block-group-is-layout-constrained\"><div class=\"wp-block-post-date\"><time datetime=\"2025-12-19T16:48:19+00:00\">December 19, 2025<\/time><\/div>\n\n\n<p class=\"spx-meta-word\">, Posted by<\/p>\n\n\n<div class=\"wp-block-post-author-name\">William Newell<\/div><\/div>\n\n\n<div class=\"wp-block-post-excerpt\"><p class=\"wp-block-post-excerpt__excerpt\">DOME Goes International: Launching in Peru with N&#038;E Support We\u2019re excited to share that our very&hellip;<\/p><p class=\"wp-block-post-excerpt__more-text\"><a class=\"wp-block-post-excerpt__more-link\" href=\"https:\/\/devdomewp.justdomeit.com\/index.php\/2025\/12\/19\/dome-launches-in-south-america-with-ne-support\/\">READ MORE<\/a><\/p><\/div><\/div>\n<\/div>\n\n<\/li><li class=\"wp-block-post post-2022 post type-post status-publish format-standard has-post-thumbnail hentry category-ai category-dome category-technologies tag-aicontent tag-aiethics tag-aiforgood tag-childsafety tag-digitalsafety tag-dome tag-edtech tag-educationaltechnology tag-nbcnews tag-parentsandtech tag-responsibleai tag-safebydesign tag-sparxworks tag-techforkids\">\n\n<div class=\"wp-block-columns alignwide spx-post-single is-layout-flex wp-container-core-columns-is-layout-9d6595d7 wp-block-columns-is-layout-flex\">\n<div class=\"wp-block-column is-layout-flow wp-block-column-is-layout-flow\" style=\"flex-basis:60%\"><figure class=\"spx-anim wp-block-post-featured-image\"><a href=\"https:\/\/devdomewp.justdomeit.com\/index.php\/2025\/12\/16\/not-all-ai-is-safe-for-kids-heres-how-to-build-the-right-kind\/\" target=\"_self\"  ><img loading=\"lazy\" decoding=\"async\" width=\"1280\" height=\"720\" src=\"https:\/\/devdomewp.justdomeit.com\/wp-content\/uploads\/2025\/12\/Not-All-AI-Is-Safe-for-Kids.webp\" class=\"attachment-full size-full wp-post-image\" alt=\"Not All AI Is Safe for Kids, Here\u2019s How to Build the Right Kind\" style=\"object-fit:cover;\" \/><\/a><\/figure><\/div>\n\n\n\n<div class=\"wp-block-column spx-post-right is-layout-flow wp-block-column-is-layout-flow\" style=\"flex-basis:40%\"><h2 class=\"wp-block-post-title\">Not All AI Is Safe for Kids, Here\u2019s How to Build the Right Kind<\/h2>\n\n\n<div class=\"wp-block-group spx-post-meta is-layout-constrained wp-block-group-is-layout-constrained\"><div class=\"wp-block-post-date\"><time datetime=\"2025-12-16T20:09:07+00:00\">December 16, 2025<\/time><\/div>\n\n\n<p class=\"spx-meta-word\">, Posted by<\/p>\n\n\n<div class=\"wp-block-post-author-name\">William Newell<\/div><\/div>\n\n\n<div class=\"wp-block-post-excerpt\"><p class=\"wp-block-post-excerpt__excerpt\">This holiday season, an alarming and important investigation, has brought much needed attention to the hidden&hellip;<\/p><p class=\"wp-block-post-excerpt__more-text\"><a class=\"wp-block-post-excerpt__more-link\" href=\"https:\/\/devdomewp.justdomeit.com\/index.php\/2025\/12\/16\/not-all-ai-is-safe-for-kids-heres-how-to-build-the-right-kind\/\">READ MORE<\/a><\/p><\/div><\/div>\n<\/div>\n\n<\/li><\/ul>\n\n\n<div class=\"wp-block-query is-layout-flow wp-block-query-is-layout-flow\"><\/div>\n<\/div>\n","protected":false},"excerpt":{"rendered":"<p>DOME is the future of digital interaction, an AI-powered engine that turns your curiosity into instant, dynamic answers. Forget endless clicks, menus, and dead-end searches. From retail to wellness, education to hospitality, DOME empowers every industry to serve the right content, at the right moment, across any device, making user frustration a thing of the [&hellip;]<\/p>\n","protected":false},"author":2,"featured_media":0,"parent":0,"menu_order":0,"comment_status":"closed","ping_status":"closed","template":"","meta":{"_et_pb_use_builder":"","_et_pb_old_content":"","_et_gb_content_width":"","footnotes":""},"class_list":["post-1548","page","type-page","status-publish","hentry"],"_links":{"self":[{"href":"https:\/\/devdomewp.justdomeit.com\/index.php\/wp-json\/wp\/v2\/pages\/1548","targetHints":{"allow":["GET"]}}],"collection":[{"href":"https:\/\/devdomewp.justdomeit.com\/index.php\/wp-json\/wp\/v2\/pages"}],"about":[{"href":"https:\/\/devdomewp.justdomeit.com\/index.php\/wp-json\/wp\/v2\/types\/page"}],"author":[{"embeddable":true,"href":"https:\/\/devdomewp.justdomeit.com\/index.php\/wp-json\/wp\/v2\/users\/2"}],"replies":[{"embeddable":true,"href":"https:\/\/devdomewp.justdomeit.com\/index.php\/wp-json\/wp\/v2\/comments?post=1548"}],"version-history":[{"count":0,"href":"https:\/\/devdomewp.justdomeit.com\/index.php\/wp-json\/wp\/v2\/pages\/1548\/revisions"}],"wp:attachment":[{"href":"https:\/\/devdomewp.justdomeit.com\/index.php\/wp-json\/wp\/v2\/media?parent=1548"}],"curies":[{"name":"wp","href":"https:\/\/api.w.org\/{rel}","templated":true}]}}